{"id":45106557,"date":"2024-11-26T17:55:35","date_gmt":"2024-11-26T15:55:35","guid":{"rendered":"https:\/\/www.botanopia.com\/shop\/non class\u00e9\/promo-lot-de-5-tuteurs-zigzag-ancienne-serie-de-couleur\/"},"modified":"2025-08-21T16:18:08","modified_gmt":"2025-08-21T14:18:08","slug":"promo-lot-de-5-tuteurs-zigzag-ancienne-serie-de-couleur","status":"publish","type":"product","link":"https:\/\/www.botanopia.com\/fr\/shop\/nos-supports-et-tuteurs\/promo-lot-de-5-tuteurs-zigzag-ancienne-serie-de-couleur\/","title":{"rendered":"PROMO : Lot de 5 tuteurs ZigZag \u2013 Ancienne s\u00e9rie de couleur"},"content":{"rendered":"<p><strong>Enfin un tuteur dont tu peux \u00eatre fier !<\/strong><br \/>\nFini les tuteurs en plastique vert \u00e0 cacher autant que possible. Celui-ci soutient ta plante avec \u00e9l\u00e9gance et style.<\/p>\n<p><strong>\u00c0 la fois pratique et d\u00e9coratif<\/strong>, il garantit une touche originale et raffin\u00e9e pour ton coin de verdure.<\/p>\n<p>Avec le mod\u00e8le &#8220;ZigZag&#8221;, prends le chemin sinueux. Ta plante sera ravie de s\u2019y balader !<\/p>\n","protected":false},"excerpt":{"rendered":"<p>Soutiens tes plantes avec style gr\u00e2ce \u00e0 nos tuteurs dor\u00e9s, \u00e9dition B-choice !<br \/>\nCe lot de 5 tuteurs ZigZag provient d\u2019une ancienne s\u00e9rie de couleur : un peu plus fonc\u00e9s et moins uniformes que nos tuteurs habituels. Parfaitement fonctionnels, mais ils ne s\u2019assortiront pas exactement aux autres mod\u00e8les de la collection.<\/p>\n<p><strong>C\u2019est pourquoi on te les propose \u00e0 un super prix !<\/strong><\/p>\n<p>Ils sont fabriqu\u00e9s en aluminium recycl\u00e9, donc ils ne rouilleront jamais.<\/p>\n<p><strong>Dimensions d\u2019un tuteur :<\/strong><\/p>\n<ul>\n<li>Hauteur : 700 mm<\/li>\n<li>Longueur : 115 mm<\/li>\n<li>\u00c9paisseur : 5 mm<\/li>\n<\/ul>\n<p>Ils sont parfaits pour des pots d\u2019au moins 30 cm de haut. Si tu les utilises dans des pots plus petits, ils pourraient \u00eatre instables \u00e0 cause d\u2019une couche de terre trop peu profonde.<\/p>\n<p><strong>Attention : Les ventes d\u2019articles en promotion sont d\u00e9finitives et ne peuvent pas \u00eatre retourn\u00e9es ou \u00e9chang\u00e9es.<\/strong><\/p>\n","protected":false},"featured_media":45093060,"comment_status":"open","ping_status":"closed","template":"","meta":{"_acf_changed":false},"product_brand":[],"product_cat":[14000280,23001792,23000515],"product_tag":[3000199,23000690],"giftcard-category":[],"class_list":{"0":"post-45106557","1":"product","2":"type-product","3":"status-publish","4":"has-post-thumbnail","6":"product_cat-nos-supports-et-tuteurs","7":"product_cat-soldes","8":"product_cat-tous-les-produits","9":"product_tag-supports-de-plantes","10":"product_tag-wholesale-fr-fr-2","12":"first","13":"outofstock","14":"sale","15":"taxable","16":"shipping-taxable","17":"purchasable","18":"product-type-simple","20":"catalog-layout-default","21":"columns-xs-1"},"bundled_by":[],"bundle_stock_status":"instock","bundle_stock_quantity":-1,"bundle_virtual":false,"bundle_layout":"","bundle_add_to_cart_form_location":"","bundle_editable_in_cart":false,"bundle_sold_individually_context":"","bundle_item_grouping":"","bundle_min_size":"","bundle_max_size":"","bundled_items":[],"bundle_sell_ids":[],"acf":[],"gallery_images":[45107115,45104177,45104036,45103981,45104006,45104111,45104071,45109817],"_links":{"self":[{"href":"https:\/\/www.botanopia.com\/fr\/wp-json\/wp\/v2\/product\/45106557","targetHints":{"allow":["GET"]}}],"collection":[{"href":"https:\/\/www.botanopia.com\/fr\/wp-json\/wp\/v2\/product"}],"about":[{"href":"https:\/\/www.botanopia.com\/fr\/wp-json\/wp\/v2\/types\/product"}],"replies":[{"embeddable":true,"href":"https:\/\/www.botanopia.com\/fr\/wp-json\/wp\/v2\/comments?post=45106557"}],"wp:featuredmedia":[{"embeddable":true,"href":"https:\/\/www.botanopia.com\/fr\/wp-json\/wp\/v2\/media\/45093060"}],"wp:attachment":[{"href":"https:\/\/www.botanopia.com\/fr\/wp-json\/wp\/v2\/media?parent=45106557"}],"wp:term":[{"taxonomy":"product_brand","embeddable":true,"href":"https:\/\/www.botanopia.com\/fr\/wp-json\/wp\/v2\/product_brand?post=45106557"},{"taxonomy":"product_cat","embeddable":true,"href":"https:\/\/www.botanopia.com\/fr\/wp-json\/wp\/v2\/product_cat?post=45106557"},{"taxonomy":"product_tag","embeddable":true,"href":"https:\/\/www.botanopia.com\/fr\/wp-json\/wp\/v2\/product_tag?post=45106557"},{"taxonomy":"giftcard-category","embeddable":true,"href":"https:\/\/www.botanopia.com\/fr\/wp-json\/wp\/v2\/giftcard-category?post=45106557"}],"curies":[{"name":"wp","href":"https:\/\/api.w.org\/{rel}","templated":true}]}}