{"id":45106595,"date":"2024-11-19T18:44:01","date_gmt":"2024-11-27T20:30:03","guid":{"rendered":"https:\/\/www.botanopia.com\/?post_type=product&#038;p=45106595"},"modified":"2026-04-17T19:02:41","modified_gmt":"2026-04-17T17:02:41","slug":"boite-mystere-pour-amoureux-des-plantes-petit-format","status":"publish","type":"product","link":"https:\/\/www.botanopia.com\/fr\/shop\/idees-cadeaux\/idees-cadeaux-a-moins-de-50e\/boite-mystere-pour-amoureux-des-plantes-petit-format\/","title":{"rendered":"Bo\u00eete Myst\u00e8re pour amoureux des plantes \u2013 Petit format"},"content":{"rendered":"<p>Tu adores les surprises et les bonnes affaires ? Notre petite Bo\u00eete Myst\u00e8re est le choix parfait pour les passionn\u00e9s de plantes qui aiment d\u00e9couvrir des tr\u00e9sors cach\u00e9s. Con\u00e7ue pour tenir dans ta bo\u00eete aux lettres, cette bo\u00eete est remplie d\u2019articles fonctionnels mais imparfaits de notre collection. Que ce soit pour te faire plaisir ou surprendre un proche avec un cadeau attentionn\u00e9, cette Bo\u00eete Myst\u00e8re apportera joie et plaisir \u00e0 coup s\u00fbr.<\/p>\n<p><strong>Qu\u2019y a-t-il dans la bo\u00eete ?<\/strong><br \/>\nCe ne serait plus une surprise si on te disait tout ! Mais tu peux te faire une id\u00e9e avec nos photos \ud83d\ude04.<\/p>\n<p><strong>Pourquoi choisir notre Bo\u00eete Myst\u00e8re ?<\/strong><\/p>\n<ul>\n<li><strong>Durable et \u00e9coresponsable<\/strong> : Tous les articles sont parfaitement utilisables, m\u00eame s\u2019ils peuvent avoir de l\u00e9g\u00e8res imperfections visuelles, un emballage ancien ou une date limite d\u2019utilisation proche.<\/li>\n<li><strong>Excellent rapport qualit\u00e9-prix<\/strong> : Profite d\u2019un m\u00e9lange d\u2019essentiels et de surprises exclusives \u00e0 petit prix.<\/li>\n<li><strong>Parfait pour offrir<\/strong> : Compacte, elle se glisse directement dans la bo\u00eete aux lettres pour faire plaisir \u00e0 un proche avec un cadeau v\u00e9g\u00e9tal.<\/li>\n<\/ul>\n","protected":false},"excerpt":{"rendered":"<p><strong>Tu adores les surprises et les bonnes affaires ?<\/strong><br \/>\nNotre Bo\u00eete Myst\u00e8re est un m\u00e9lange parfait de surprise et de vraie bonne affaire pour tout amateur de plantes ! Pleine de tr\u00e9sors de second choix, tous fonctionnels, mais avec de petites imperfections ou des emballages ancienne version. Certains articles sont m\u00eame des prototypes exclusifs jamais mis en collection. Qu\u2019est-ce qui est garanti ? Une valeur incroyable et du bonheur v\u00e9g\u00e9tal !<\/p>\n<p><strong>Que pourrais-tu trouver dans ta bo\u00eete ?<\/strong><br \/>\nC\u2019est l\u00e0 tout le myst\u00e8re, mais on te promet que la valeur de chaque bo\u00eete d\u00e9passe 50\u20ac.<br \/>\nVoici quelques exemples de possibilit\u00e9s :<\/p>\n<ul>\n<li>Gants de nettoyages Leaf Love<\/li>\n<li>Mini Camping pour tes plantes<\/li>\n<li>Petites cisailles Snips<\/li>\n<li>Stickers Fleurs Press\u00e9es<\/li>\n<li>Lot de 18 \u00e9tiquettes-cadeau<\/li>\n<li>Cartes de v\u0153ux de saison<\/li>\n<li>Autocollants cr\u00e9ateurs d&#8217;arc-en-ciel<\/li>\n<li>Petites surprises B-choice suppl\u00e9mentaires<\/li>\n<li>Un assortiment de tr\u00e9sors changeants<\/li>\n<\/ul>\n<p>Ce qui est s\u00fbr ? Une bo\u00eete remplie de belles choses pour tout amoureux des plantes, directement dans ta bo\u00eete aux lettres !<\/p>\n<p><strong>Remarque :<\/strong> Les ventes des Bo\u00eetes Myst\u00e8res sont d\u00e9finitives et ne peuvent pas \u00eatre \u00e9chang\u00e9es ou retourn\u00e9es.<\/p>\n<div id=\"gtx-trans\" style=\"position: absolute; left: -22px; top: 14.4805px;\">\n<div class=\"gtx-trans-icon\"><\/div>\n<\/div>\n","protected":false},"featured_media":45106289,"comment_status":"open","ping_status":"closed","template":"","meta":{"_acf_changed":false},"product_brand":[],"product_cat":[19000432,23000816,23001792,23000515],"product_tag":[23000994,23000989,23000991,23001227,23000690],"giftcard-category":[],"class_list":{"0":"post-45106595","1":"product","2":"type-product","3":"status-publish","4":"has-post-thumbnail","6":"product_cat-coffrets-cadeaux-et-kits-creatifs","7":"product_cat-idees-cadeaux-a-moins-de-50e","8":"product_cat-soldes","9":"product_cat-tous-les-produits","10":"product_tag-b2c-fr","11":"product_tag-eu-only-fr","12":"product_tag-fr-package","13":"product_tag-retail-en-fr","14":"product_tag-wholesale-fr-fr-2","15":"product_shipping_class-mailbox-package-fr-2","17":"first","18":"outofstock","19":"sale","20":"taxable","21":"shipping-taxable","22":"purchasable","23":"product-type-simple","25":"catalog-layout-default","26":"columns-xs-1"},"bundled_by":[],"bundle_stock_status":"instock","bundle_stock_quantity":996,"bundle_virtual":false,"bundle_layout":"","bundle_add_to_cart_form_location":"","bundle_editable_in_cart":false,"bundle_sold_individually_context":"","bundle_item_grouping":"","bundle_min_size":"","bundle_max_size":"","bundled_items":[],"bundle_sell_ids":[368,1373],"acf":[],"gallery_images":[45106573,45106476,45106471,45106481],"_links":{"self":[{"href":"https:\/\/www.botanopia.com\/fr\/wp-json\/wp\/v2\/product\/45106595","targetHints":{"allow":["GET"]}}],"collection":[{"href":"https:\/\/www.botanopia.com\/fr\/wp-json\/wp\/v2\/product"}],"about":[{"href":"https:\/\/www.botanopia.com\/fr\/wp-json\/wp\/v2\/types\/product"}],"replies":[{"embeddable":true,"href":"https:\/\/www.botanopia.com\/fr\/wp-json\/wp\/v2\/comments?post=45106595"}],"wp:featuredmedia":[{"embeddable":true,"href":"https:\/\/www.botanopia.com\/fr\/wp-json\/wp\/v2\/media\/45106289"}],"wp:attachment":[{"href":"https:\/\/www.botanopia.com\/fr\/wp-json\/wp\/v2\/media?parent=45106595"}],"wp:term":[{"taxonomy":"product_brand","embeddable":true,"href":"https:\/\/www.botanopia.com\/fr\/wp-json\/wp\/v2\/product_brand?post=45106595"},{"taxonomy":"product_cat","embeddable":true,"href":"https:\/\/www.botanopia.com\/fr\/wp-json\/wp\/v2\/product_cat?post=45106595"},{"taxonomy":"product_tag","embeddable":true,"href":"https:\/\/www.botanopia.com\/fr\/wp-json\/wp\/v2\/product_tag?post=45106595"},{"taxonomy":"giftcard-category","embeddable":true,"href":"https:\/\/www.botanopia.com\/fr\/wp-json\/wp\/v2\/giftcard-category?post=45106595"}],"curies":[{"name":"wp","href":"https:\/\/api.w.org\/{rel}","templated":true}]}}