{"id":45107781,"date":"2019-07-04T16:45:04","date_gmt":"2019-07-04T14:45:04","guid":{"rendered":"https:\/\/www.botanopia.com\/?post_type=product&#038;p=45107781"},"modified":"2026-02-16T17:36:25","modified_gmt":"2026-02-16T15:36:25","slug":"grappe-de-savon-artisanal-100-huile-dolive-olive","status":"publish","type":"product","link":"https:\/\/www.botanopia.com\/fr\/shop\/idees-cadeaux\/idees-cadeaux-a-moins-de-50e\/grappe-de-savon-artisanal-100-huile-dolive-olive\/","title":{"rendered":"Grappe de savon artisanal 100% huile d&#8217;olive &#8211; Olive"},"content":{"rendered":"<h3><b>Une douce odeur de vacances \u2600\ufe0f<\/b><\/h3>\n<p><span style=\"font-weight: 400;\">Cette grappe de raisin en savon artisanal et \u00e0 l\u2019odeur enivrante fera un cadeau original et surprenant ! Chaque grappe est emball\u00e9e dans un beau paquet noir, dont le contraste de couleurs entre les grappes et la bo\u00eete est tr\u00e8s r\u00e9ussi. Tu n\u2019oublieras jamais la premi\u00e8re fois que tu as ouvert la bo\u00eete et que tu as senti ce parfum d\u00e9licat te chatouiller le nez. Rends ce cadeau encore plus doux en ajoutant un petit mot doux.<\/span><\/p>\n<h3><b>Les b\u00e9n\u00e9fices de ce savon naturel<\/b><\/h3>\n<p><span style=\"font-weight: 400;\">&#8211; D\u00e9coratif et original, avec un parfum raffin\u00e9.<\/span><\/p>\n<p><span style=\"font-weight: 400;\">&#8211; Doux pour ta peau. Fabriqu\u00e9 \u00e0 100% d\u2019huile d\u2019olive, sans conservateurs.<\/span><\/p>\n<p><span style=\"font-weight: 400;\">&#8211; Fait avec soin \u00e0 partir d\u2019ingr\u00e9dients locaux dans un petit atelier familial libanais.<\/span><\/p>\n<p><span style=\"font-weight: 400;\">&#8211; Fait main. Fabriqu\u00e9 avec attention par des artisans qualifi\u00e9s.<\/span><\/p>\n<h3><b>Ingr\u00e9dients :\u00a0<\/b><\/h3>\n<p><span style=\"font-weight: 400;\">Huile d\u2019olive*, hydroxyde de sodium, eau, parfum. Poids : environ 100\u2009g.<\/span><\/p>\n<p><span style=\"font-weight: 400;\">Colorants (selon le mod\u00e8le) :<\/span><\/p>\n<p><span style=\"font-weight: 400;\">Cr\u00e8me : sans colorant<\/span><\/p>\n<p><span style=\"font-weight: 400;\">Olive : chlorophylle CI75810<\/span><\/p>\n<p><span style=\"font-weight: 400;\">Ardoise : charbon v\u00e9g\u00e9tal CI77268<\/span><\/p>\n<p><span style=\"font-weight: 400;\">*Press\u00e9e \u00e0 froid. Huile d\u2019olive extra vierge.<\/span><\/p>\n<h3><b>Ne contient pas :<\/b><\/h3>\n<p><span style=\"font-weight: 400;\">Parab\u00e8nes, phtalates, SLS, conservateurs<\/span><\/p>\n<p><span style=\"font-weight: 400;\">Ce savon est <strong>v\u00e9gan<\/strong>, ne contient pas de graisse animale, et n\u2019est pas test\u00e9 sur des animaux \ud83d\udc9a.<\/span><\/p>\n<div id=\"gtx-trans\" style=\"position: absolute; left: 299px; top: 506.547px;\">\n<div class=\"gtx-trans-icon\"><\/div>\n<\/div>\n","protected":false},"excerpt":{"rendered":"<h4>Tes mains seront impeccables apr\u00e8s avoir jardin\u00e9 gr\u00e2ce \u00e0 cette grappe de raisin en savon faite main. Accroche-la \u00e0 sa petite ficelle pour une utilisation facile et ajoute une jolie touche d\u00e9corative \u00e0 ta cuisine.<\/h4>\n<p><span style=\"font-weight: 400;\">Ce beau savon est fabriqu\u00e9 en forme \u00e9l\u00e9gante et originale de grappe de raisins. Ce savon v\u00e9gan \ud83c\udf31 et raffin\u00e9 rend tes mains toutes douces apr\u00e8s utilisation et parfume d\u00e9licatement la pi\u00e8ce.\u00a0<\/span><\/p>\n<p><span style=\"font-weight: 400;\">Il est fait avec de l\u2019huile d\u2019olive 100%, et est tr\u00e8s doux pour la peau. Sans parab\u00e8nes, phtalates, SLS, ni conservateurs. Convient pour les mains, mais aussi pour le visage et le corps.<\/span><\/p>\n<p><span style=\"font-weight: 400;\">Les grappes de savon sont disponibles en quatre coloris diff\u00e9rents : rouge, cr\u00e8me, olive et ardoise. Ce produit est artisanal, chaque savon est unique.<\/span><\/p>\n<p><span style=\"font-weight: 400;\">Pour le faire durer, il est recommand\u00e9 de laisser s\u00e9cher le savon entrer deux utilisations. Ces savons en forme de raisin sont con\u00e7us pour \u00eatre accroch\u00e9s \u00e0 un fil, mais tu peux aussi le poser sur un porte-savon bien drain\u00e9. Pose-le comme une v\u00e9ritable grappe de raisin \ud83c\udf47 !\u00a0<\/span><\/p>\n","protected":false},"featured_media":45078478,"comment_status":"open","ping_status":"closed","template":"","meta":{"_acf_changed":false},"product_brand":[],"product_cat":[23001806,23000816,19000416,23001002,23001060,23000515],"product_tag":[],"giftcard-category":[],"class_list":{"0":"post-45107781","1":"product","2":"type-product","3":"status-publish","4":"has-post-thumbnail","6":"product_cat-bestsellers-de-printemps","7":"product_cat-idees-cadeaux-a-moins-de-50e","8":"product_cat-outils","9":"product_cat-universal-products-fr","10":"product_cat-savons","11":"product_cat-tous-les-produits","12":"product_shipping_class-not-mailbox-fr","14":"first","15":"outofstock","16":"taxable","17":"shipping-taxable","18":"purchasable","19":"product-type-simple","21":"catalog-layout-default","22":"columns-xs-1"},"bundled_by":[],"bundle_stock_status":"instock","bundle_stock_quantity":-902,"bundle_virtual":false,"bundle_layout":"","bundle_add_to_cart_form_location":"","bundle_editable_in_cart":false,"bundle_sold_individually_context":"","bundle_item_grouping":"","bundle_min_size":"","bundle_max_size":"","bundled_items":[],"bundle_sell_ids":[],"acf":[],"gallery_images":[45105162,45096309,45105167,45105172,45105177,45117341],"_links":{"self":[{"href":"https:\/\/www.botanopia.com\/fr\/wp-json\/wp\/v2\/product\/45107781","targetHints":{"allow":["GET"]}}],"collection":[{"href":"https:\/\/www.botanopia.com\/fr\/wp-json\/wp\/v2\/product"}],"about":[{"href":"https:\/\/www.botanopia.com\/fr\/wp-json\/wp\/v2\/types\/product"}],"replies":[{"embeddable":true,"href":"https:\/\/www.botanopia.com\/fr\/wp-json\/wp\/v2\/comments?post=45107781"}],"wp:featuredmedia":[{"embeddable":true,"href":"https:\/\/www.botanopia.com\/fr\/wp-json\/wp\/v2\/media\/45078478"}],"wp:attachment":[{"href":"https:\/\/www.botanopia.com\/fr\/wp-json\/wp\/v2\/media?parent=45107781"}],"wp:term":[{"taxonomy":"product_brand","embeddable":true,"href":"https:\/\/www.botanopia.com\/fr\/wp-json\/wp\/v2\/product_brand?post=45107781"},{"taxonomy":"product_cat","embeddable":true,"href":"https:\/\/www.botanopia.com\/fr\/wp-json\/wp\/v2\/product_cat?post=45107781"},{"taxonomy":"product_tag","embeddable":true,"href":"https:\/\/www.botanopia.com\/fr\/wp-json\/wp\/v2\/product_tag?post=45107781"},{"taxonomy":"giftcard-category","embeddable":true,"href":"https:\/\/www.botanopia.com\/fr\/wp-json\/wp\/v2\/giftcard-category?post=45107781"}],"curies":[{"name":"wp","href":"https:\/\/api.w.org\/{rel}","templated":true}]}}