{"id":45108037,"date":"2020-04-06T17:28:25","date_gmt":"2020-04-06T15:28:25","guid":{"rendered":"https:\/\/www.botanopia.com\/?post_type=product&#038;p=45108037"},"modified":"2026-01-09T12:33:30","modified_gmt":"2026-01-09T10:33:30","slug":"toile-de-rempotage-pour-jardins-urbains-cuir","status":"publish","type":"product","link":"https:\/\/www.botanopia.com\/fr\/shop\/idees-cadeaux\/idees-cadeaux-a-moins-de-50e\/toile-de-rempotage-pour-jardins-urbains-cuir\/","title":{"rendered":"Toile de rempotage pour jardins urbains &#8211; Cuir"},"content":{"rendered":"<h3><b>Adieu le terreau partout !<\/b><\/h3>\n<p><span style=\"font-weight: 400;\">Gr\u00e2ce \u00e0 notre toile de rempotage, tu n\u2019as plus \u00e0 nettoyer apr\u00e8s une session de jardinage en int\u00e9rieur. Finies les poussi\u00e8res, les feuilles mortes et l\u2019eau dans toute ta maison. Rempoter une plante est de loin l\u2019activit\u00e9 la plus salissante, mais cette toile de rempotage peut \u00eatre utilis\u00e9e pour toute autre activit\u00e9 botanique comme les semis, la pulv\u00e9risation, la taille ou l\u2019arrosage. Plus rien ne t\u2019emp\u00eache de donner \u00e0 tes plantes l\u2019attention qu\u2019elles m\u00e9ritent !<\/span><\/p>\n<h3><b>Les b\u00e9n\u00e9fices du tapis de plantation :\u00a0\u00a0<\/b><\/h3>\n<p><span style=\"font-weight: 400;\">&#8211; R\u00e9sistant \u00e0 l\u2019eau et aux UV. Cette toile est faite pour durer \ud83d\udcaa.<\/span><\/p>\n<p><span style=\"font-weight: 400;\">&#8211; Lavable en machine (\u00e0 froid recommand\u00e9).<\/span><\/p>\n<p><span style=\"font-weight: 400;\">&#8211; Un tapis pour jardiner en int\u00e9rieur ou sur ton balcon. Rend le rempotage facile, rapide et propre.<\/span><\/p>\n<h3><b>Bon \u00e0 savoir<\/b><\/h3>\n<p><span style=\"font-weight: 400;\">&#8211; Fabriqu\u00e9e aux Pays-Bas, en toile de polyester recycl\u00e9 imperm\u00e9able, r\u00e9sistante aux UV.<\/span><\/p>\n<p><span style=\"font-weight: 400;\">&#8211; Taille de la toile \u00e0 plat : 66 x 56 cm.<\/span><\/p>\n<p><span style=\"font-weight: 400;\">&#8211; Toile assembl\u00e9e (coins relev\u00e9s) 56 x 46 cm (rebords 5\u2009cm de haut).<\/span><\/p>\n<p><span style=\"font-weight: 400;\">&#8211; Se roule pour se ranger de mani\u00e8re compacte avec sa sangle.<\/span><\/p>\n","protected":false},"excerpt":{"rendered":"<h4><b>Tu aimes t\u2019occuper de tes plantes, mais pas le nettoyage qui suit ? Cette toile de rempotage \u00e9l\u00e9gante est un outil essentiel pour le jardinage int\u00e9rieur et l\u2019entretien de tes plantes.<\/b><\/h4>\n<p><span style=\"font-weight: 400;\">Cette toile (56 x 46 cm) fabriqu\u00e9e en polyester recycl\u00e9 imperm\u00e9able est waterproof et tr\u00e8s solide. Facile \u00e0 d\u00e9rouler sur un plan de travail, une table ou m\u00eame sur le sol, tu n\u2019auras plus \u00e0 t\u2019inqui\u00e9ter de faire de tout salir. Ses coins sur\u00e9lev\u00e9s gardent la terre, les feuilles et l\u2019eau bien contenus sur la toile.<\/span><\/p>\n<p><span style=\"font-weight: 400;\">Une fois le jardinage termin\u00e9, il est tr\u00e8s simple de transporter tous les d\u00e9chets directement \u00e0 la poubelle. Tu n\u2019auras plus qu\u2019\u00e0 secouer le tapis et le tour est jou\u00e9 <\/span><span style=\"font-weight: 400;\">\ud83e\ude84 <\/span><span style=\"font-weight: 400;\">\ud83c\udfa9 ! Tu pourras l\u2019attacher avec sa lani\u00e8re de rangement pour la suspendre facilement. Tu peux m\u00eame la rouler avec les outils dedans pour d\u00e9baller ton kit de jardinage urbain en un clin d\u2019\u0153il.<\/span><\/p>\n<p><span style=\"font-weight: 400;\"><strong>NB<\/strong> : la lani\u00e8re est disponible en cuir ou bien version v\u00e9gane, en ruban polyester noir.<\/span><\/p>\n","protected":false},"featured_media":36041454,"comment_status":"open","ping_status":"closed","template":"","meta":{"_acf_changed":false},"product_brand":[],"product_cat":[23001806,23000816,19000416,23001002,23000515],"product_tag":[],"giftcard-category":[],"class_list":{"0":"post-45108037","1":"product","2":"type-product","3":"status-publish","4":"has-post-thumbnail","6":"product_cat-bestsellers-de-printemps","7":"product_cat-idees-cadeaux-a-moins-de-50e","8":"product_cat-outils","9":"product_cat-universal-products-fr","10":"product_cat-tous-les-produits","11":"product_shipping_class-not-mailbox-fr","13":"first","14":"outofstock","15":"taxable","16":"shipping-taxable","17":"purchasable","18":"product-type-simple","20":"catalog-layout-default","21":"columns-xs-1"},"bundled_by":[],"bundle_stock_status":"outofstock","bundle_stock_quantity":-8,"bundle_virtual":false,"bundle_layout":"","bundle_add_to_cart_form_location":"","bundle_editable_in_cart":false,"bundle_sold_individually_context":"","bundle_item_grouping":"","bundle_min_size":"","bundle_max_size":"","bundled_items":[],"bundle_sell_ids":[],"acf":[],"gallery_images":[45105238,45078128,45078120,45078108,45078112],"_links":{"self":[{"href":"https:\/\/www.botanopia.com\/fr\/wp-json\/wp\/v2\/product\/45108037","targetHints":{"allow":["GET"]}}],"collection":[{"href":"https:\/\/www.botanopia.com\/fr\/wp-json\/wp\/v2\/product"}],"about":[{"href":"https:\/\/www.botanopia.com\/fr\/wp-json\/wp\/v2\/types\/product"}],"replies":[{"embeddable":true,"href":"https:\/\/www.botanopia.com\/fr\/wp-json\/wp\/v2\/comments?post=45108037"}],"wp:featuredmedia":[{"embeddable":true,"href":"https:\/\/www.botanopia.com\/fr\/wp-json\/wp\/v2\/media\/36041454"}],"wp:attachment":[{"href":"https:\/\/www.botanopia.com\/fr\/wp-json\/wp\/v2\/media?parent=45108037"}],"wp:term":[{"taxonomy":"product_brand","embeddable":true,"href":"https:\/\/www.botanopia.com\/fr\/wp-json\/wp\/v2\/product_brand?post=45108037"},{"taxonomy":"product_cat","embeddable":true,"href":"https:\/\/www.botanopia.com\/fr\/wp-json\/wp\/v2\/product_cat?post=45108037"},{"taxonomy":"product_tag","embeddable":true,"href":"https:\/\/www.botanopia.com\/fr\/wp-json\/wp\/v2\/product_tag?post=45108037"},{"taxonomy":"giftcard-category","embeddable":true,"href":"https:\/\/www.botanopia.com\/fr\/wp-json\/wp\/v2\/giftcard-category?post=45108037"}],"curies":[{"name":"wp","href":"https:\/\/api.w.org\/{rel}","templated":true}]}}