{"id":45110614,"date":"2022-10-20T18:24:00","date_gmt":"2022-10-20T16:24:00","guid":{"rendered":"https:\/\/www.botanopia.com\/?post_type=product&#038;p=45110614"},"modified":"2026-02-24T19:03:39","modified_gmt":"2026-02-24T17:03:39","slug":"sticker-createur-darc-en-ciel-sous-la-serre","status":"publish","type":"product","link":"https:\/\/www.botanopia.com\/fr\/shop\/papeterie\/autocollants-attrape-soleil-createurs-darc-en-ciel\/sticker-createur-darc-en-ciel-sous-la-serre\/","title":{"rendered":"Sticker cr\u00e9ateur d&#8217;arc-en-ciel (Sous la serre)"},"content":{"rendered":"<p><strong><u>Regarde l&#8217;onglet &#8220;vid\u00e9o&#8221;<\/u><\/strong> pour le tutoriel d&#8217;appliquation de ton autocollant sur ta fen\u00eatre.<\/p>\n<p>Chaque autocollant mesure 10 x 13 cm (3,5 x 5&#8243;) et est livr\u00e9 dans un emballage rigide avec de jolis accents m\u00e9talliques.<\/p>\n<p>L&#8217;autocollant ne laissera pas de r\u00e9sidu sur ta vitre. Si tu es minutieux, tu peux m\u00eame le d\u00e9placer sur une autre fen\u00eatre si tu as chang\u00e9 d&#8217;avis.<\/p>\n","protected":false},"excerpt":{"rendered":"<p>Cr\u00e9e ta propre magie \ud83c\udf08 \u00e0 la maison avec ces stickers cr\u00e9ateurs d&#8217;arcs-en-ciel magiques.<\/p>\n<p>Colles-en un sur ta fen\u00eatre, et lorsque le soleil brille \u00e0 travers, il fera danser de magnifiques arcs-en-ciel sur tes murs. Ils changeront et se d\u00e9placeront au fil des saisons, \u00e0 mesure que le soleil tournera dans le ciel. \u00c0 chaque rayon de soleil, tu auras la joie de les voir appara\u00eetre et de les d\u00e9couvrir dans des endroits inattendus de la pi\u00e8ce.<\/p>\n<p>As-tu d\u00e9j\u00e0 jou\u00e9 avec des prismes dans ton enfance, pour diviser un faisceau de lumi\u00e8re en un petit arc-en-ciel ? Ces autocollants utilisent le m\u00eame principe, mais sont beaucoup plus pratiques et ludiques.<\/p>\n<p>Les autocollants sont fabriqu\u00e9s \u00e0 partir d&#8217;un film de diffraction sp\u00e9cial et imprim\u00e9s avec 10 jolis motifs. Quel est ton pr\u00e9f\u00e9r\u00e9 ?<\/p>\n<p>C&#8217;est un cadeau formidable, le destinataire pensera \u00e0 toi chaque fois que le soleil brille et que des arcs-en-ciel apparaissent sur ses murs. C&#8217;est vraiment un cadeau qui continue \u00e0 faire plaisir !<\/p>\n<p>Ton sticker est livr\u00e9 dans un bel emballage avec accents m\u00e9talliques, parfait pour offrir, assorti d&#8217;instructions d&#8217;installation claires.<\/p>\n","protected":false},"featured_media":45110698,"comment_status":"open","ping_status":"closed","template":"","meta":{"_acf_changed":false},"product_brand":[],"product_cat":[23001233,23001801,23001806,23001045,23000813,3000098,23001002,23000515],"product_tag":[23000994,23000843,23001227,23001009,23000690],"giftcard-category":[],"class_list":{"0":"post-45110614","1":"product","2":"type-product","3":"status-publish","4":"has-post-thumbnail","6":"product_cat-autocollants-attrape-soleil-createurs-darc-en-ciel","7":"product_cat-autocollants","8":"product_cat-bestsellers-de-printemps","9":"product_cat-idees-cadeaux-a-moins-de-15e","10":"product_cat-idees-cadeaux-a-moins-de-25e","11":"product_cat-papeterie","12":"product_cat-universal-products-fr","13":"product_cat-tous-les-produits","14":"product_tag-b2c-fr","15":"product_tag-fr-mailbox","16":"product_tag-retail-en-fr","17":"product_tag-universal_en-fr","18":"product_tag-wholesale-fr-fr-2","19":"product_shipping_class-mailbox-package-fr-2","21":"first","22":"instock","23":"taxable","24":"shipping-taxable","25":"purchasable","26":"product-type-simple","28":"catalog-layout-default","29":"columns-xs-1"},"bundled_by":[],"bundle_stock_status":"instock","bundle_stock_quantity":-1160,"bundle_virtual":false,"bundle_layout":"","bundle_add_to_cart_form_location":"","bundle_editable_in_cart":false,"bundle_sold_individually_context":"","bundle_item_grouping":"","bundle_min_size":"","bundle_max_size":"","bundled_items":[],"bundle_sell_ids":[],"acf":[],"gallery_images":[45110755,45105338,45105303,45105308,45110760,45095957,45095932,45095937,45095947,45110723,45105268],"_links":{"self":[{"href":"https:\/\/www.botanopia.com\/fr\/wp-json\/wp\/v2\/product\/45110614","targetHints":{"allow":["GET"]}}],"collection":[{"href":"https:\/\/www.botanopia.com\/fr\/wp-json\/wp\/v2\/product"}],"about":[{"href":"https:\/\/www.botanopia.com\/fr\/wp-json\/wp\/v2\/types\/product"}],"replies":[{"embeddable":true,"href":"https:\/\/www.botanopia.com\/fr\/wp-json\/wp\/v2\/comments?post=45110614"}],"wp:featuredmedia":[{"embeddable":true,"href":"https:\/\/www.botanopia.com\/fr\/wp-json\/wp\/v2\/media\/45110698"}],"wp:attachment":[{"href":"https:\/\/www.botanopia.com\/fr\/wp-json\/wp\/v2\/media?parent=45110614"}],"wp:term":[{"taxonomy":"product_brand","embeddable":true,"href":"https:\/\/www.botanopia.com\/fr\/wp-json\/wp\/v2\/product_brand?post=45110614"},{"taxonomy":"product_cat","embeddable":true,"href":"https:\/\/www.botanopia.com\/fr\/wp-json\/wp\/v2\/product_cat?post=45110614"},{"taxonomy":"product_tag","embeddable":true,"href":"https:\/\/www.botanopia.com\/fr\/wp-json\/wp\/v2\/product_tag?post=45110614"},{"taxonomy":"giftcard-category","embeddable":true,"href":"https:\/\/www.botanopia.com\/fr\/wp-json\/wp\/v2\/giftcard-category?post=45110614"}],"curies":[{"name":"wp","href":"https:\/\/api.w.org\/{rel}","templated":true}]}}