{"id":6004877,"date":"2019-05-05T14:04:50","date_gmt":"2019-05-05T12:04:50","guid":{"rendered":"http:\/\/botanopia.com\/?post_type=product&#038;p=6004877"},"modified":"2026-02-24T19:03:40","modified_gmt":"2026-02-24T17:03:40","slug":"treille-doree-pour-plantes-grimpantes","status":"publish","type":"product","link":"https:\/\/www.botanopia.com\/fr\/shop\/idees-cadeaux\/idees-cadeaux-a-moins-de-25e\/treille-doree-pour-plantes-grimpantes\/","title":{"rendered":"Treille en laiton dor\u00e9 pour plantes grimpantes"},"content":{"rendered":"<h4><b>Un support pour plantes grimpantes<\/b><\/h4>\n<p><span style=\"font-weight: 400;\">Les plantes grimpantes sont tr\u00e8s vigoureuses, et montent petit \u00e0 petit. Pour \u00e9viter qu\u2019elles s\u2019\u00e9parpillent, il vaut mieux leur dire o\u00f9 pousser. Avec cette treille en laiton brillant dor\u00e9, tu peux donner \u00e0 ta plante une direction claire \u00e0 suivre. Parfait pour ajouter un \u00e9l\u00e9ment v\u00e9g\u00e9tal vivant \u00e0 ta d\u00e9co.<\/span><\/p>\n<h4><span style=\"font-weight: 400;\">Cr\u00e9\u00e9 le cadeau v\u00e9g\u00e9tal parfait<\/span><\/h4>\n<p><span style=\"font-weight: 400;\">Tu as pr\u00e9vu d\u2019offrir ce support pour plantes \u00e0 un amoureux des plantes ? Ce serait sympa d\u2019inclure une plante avec. Elle est parfaite associ\u00e9e \u00e0 une vigne fleurie comme une cl\u00e9matite, un jasmin ou une passiflore. Si tu pr\u00e9f\u00e8res quelque chose de vert, que dis-tu d&#8217;un lierre, d&#8217;un pothos ou d&#8217;une mini monstera? Pour ton balcon, une glycine ou une ipom\u00e9e voleront la vedette.<\/span><\/p>\n<h4><b>Notre support pour plantes en laiton brillant dor\u00e9<\/b><\/h4>\n<p><span style=\"font-weight: 400;\">&#8211; Design moderne. Laisse tes plantes atteindre le sommet du style (ou de ton mu) en beaut\u00e9.<\/span><\/p>\n<p><span style=\"font-weight: 400;\">&#8211; Disponible en laiton brillant dor\u00e9 ou en <a href=\"https:\/\/www.botanopia.com\/fr\/shop\/idees-cadeaux\/idees-cadeaux-a-moins-de-25e\/treille-noire-pour-plantes-grimpantes\/\">laiton mat noir<\/a>.<\/span><\/p>\n<p><span style=\"font-weight: 400;\">&#8211; Adaptable. Parfait pour une utilisation en int\u00e9rieur et en ext\u00e9rieur, longueur modulable.<\/span><\/p>\n<p><span style=\"font-weight: 400;\">&#8211; Con\u00e7u aux Pays-Bas, produit en Slov\u00e9nie.<\/span><\/p>\n<h4><b>Bon \u00e0 savoir<\/b><\/h4>\n<p><span style=\"font-weight: 400;\">Le laiton finira par d\u00e9velopper une belle patine, donnant une apparence plus subtile qui se fond dans les feuilles. Elle peut \u00eatre polie \u00e0 nouveau si tu pr\u00e9f\u00e8res. Il faut simplement la tremper dans un bain de Coca pendant une nuit.<\/span><\/p>\n<h4><b>Vid\u00e9o de l\u2019assemblage<\/b><\/h4>\n<p><span style=\"font-weight: 400;\">Tu veux savoir \u00e0 quoi ressemble l\u2019assemblage ? Regarde la vid\u00e9o d\u2019instruction d\u00e9taill\u00e9e ici (dans l\u2019onglet vid\u00e9o), qui montre l\u2019assemblage du treillis \u00e9tape par \u00e9tape. Tu verras comment relier les anneaux, le syst\u00e8me de fermeture et le crochet pour le fixer au mur.<\/span><\/p>\n","protected":false},"excerpt":{"rendered":"<h4><b>Un support pour plantes grimpantes avec un design en laiton brillant dor\u00e9. Un accessoire pour plantes \u00e9l\u00e9gant et unique pour ta d\u00e9coration moderne, qui aidera tes plantes grimpeuses \u00e0 pousser.<\/b><\/h4>\n<p><span style=\"font-weight: 400;\">Pas facile de trouver de beaux supports pour nos plantes grimpantes, alors nous avons cr\u00e9\u00e9 le n\u00f4tre. Il est exp\u00e9di\u00e9 dans un paquet chic, et compact (qui rentre dans une bo\u00eete aux lettres\u202f!), et pr\u00eat \u00e0 \u00eatre assembl\u00e9 \u00e0 ta guise, jusqu\u2019\u00e0 1,90\u2009m de haut. \u00c0 toi la libert\u00e9 de cr\u00e9er une longue cha\u00eene, ou 2 plus petites. Tu pourras adapter ce nouvel accessoire \u00e0 ta d\u00e9co comme tu le souhaites.<\/span><\/p>\n<p><span style=\"font-weight: 400;\">Ce support pour plantes est fait en laiton, il est donc assez l\u00e9ger pour \u00eatre accroch\u00e9 \u00e0 un mur avec une punaise. Bien s\u00fbr, tu peux aussi l\u2019accrocher avec un clou ou une vis. Tes amies les plantes sont vite pr\u00eates \u00e0 grimper !<\/span><\/p>\n<p><span style=\"font-weight: 400;\">Le treillis est parfait pour une utilisation en int\u00e9rieur et en ext\u00e9rieur, gr\u00e2ce \u00e0 son rev\u00eatement protecteur.<\/span><\/p>\n<p><span style=\"font-weight: 400;\">Elle est aussi disponible en <a href=\"https:\/\/www.botanopia.com\/fr\/shop\/idees-cadeaux\/idees-cadeaux-a-moins-de-25e\/treille-noire-pour-plantes-grimpantes\/\">version noire.<\/a><\/span><\/p>\n","protected":false},"featured_media":45065621,"comment_status":"open","ping_status":"closed","template":"","meta":{"_acf_changed":false},"product_brand":[],"product_cat":[23001806,23000813,14000280,23001002,23000515],"product_tag":[23000994,23000843,23001796,23001009,23000690],"giftcard-category":[],"class_list":{"0":"post-6004877","1":"product","2":"type-product","3":"status-publish","4":"has-post-thumbnail","6":"product_cat-bestsellers-de-printemps","7":"product_cat-idees-cadeaux-a-moins-de-25e","8":"product_cat-nos-supports-et-tuteurs","9":"product_cat-universal-products-fr","10":"product_cat-tous-les-produits","11":"product_tag-b2c-fr","12":"product_tag-fr-mailbox","13":"product_tag-retail-2-fr","14":"product_tag-universal_en-fr","15":"product_tag-wholesale-fr-fr-2","16":"product_shipping_class-mailbox-package-fr-2","18":"first","19":"instock","20":"taxable","21":"shipping-taxable","22":"purchasable","23":"product-type-simple","25":"catalog-layout-default","26":"columns-xs-1"},"bundled_by":[],"bundle_stock_status":"instock","bundle_stock_quantity":-802,"bundle_virtual":false,"bundle_layout":"","bundle_add_to_cart_form_location":"","bundle_editable_in_cart":false,"bundle_sold_individually_context":"","bundle_item_grouping":"","bundle_min_size":"","bundle_max_size":"","bundled_items":[],"bundle_sell_ids":[45090404],"acf":[],"gallery_images":[45104616,45104681,45104676,45107031,45104641,45104621,45104646,45104666,45104661,45104651,45104671,45104611,45077604,45077493,6004899,6004895,45104691,45104696,45104686],"_links":{"self":[{"href":"https:\/\/www.botanopia.com\/fr\/wp-json\/wp\/v2\/product\/6004877","targetHints":{"allow":["GET"]}}],"collection":[{"href":"https:\/\/www.botanopia.com\/fr\/wp-json\/wp\/v2\/product"}],"about":[{"href":"https:\/\/www.botanopia.com\/fr\/wp-json\/wp\/v2\/types\/product"}],"replies":[{"embeddable":true,"href":"https:\/\/www.botanopia.com\/fr\/wp-json\/wp\/v2\/comments?post=6004877"}],"wp:featuredmedia":[{"embeddable":true,"href":"https:\/\/www.botanopia.com\/fr\/wp-json\/wp\/v2\/media\/45065621"}],"wp:attachment":[{"href":"https:\/\/www.botanopia.com\/fr\/wp-json\/wp\/v2\/media?parent=6004877"}],"wp:term":[{"taxonomy":"product_brand","embeddable":true,"href":"https:\/\/www.botanopia.com\/fr\/wp-json\/wp\/v2\/product_brand?post=6004877"},{"taxonomy":"product_cat","embeddable":true,"href":"https:\/\/www.botanopia.com\/fr\/wp-json\/wp\/v2\/product_cat?post=6004877"},{"taxonomy":"product_tag","embeddable":true,"href":"https:\/\/www.botanopia.com\/fr\/wp-json\/wp\/v2\/product_tag?post=6004877"},{"taxonomy":"giftcard-category","embeddable":true,"href":"https:\/\/www.botanopia.com\/fr\/wp-json\/wp\/v2\/giftcard-category?post=6004877"}],"curies":[{"name":"wp","href":"https:\/\/api.w.org\/{rel}","templated":true}]}}