{"id":9014220,"date":"2020-05-01T07:03:26","date_gmt":"2020-05-01T05:03:26","guid":{"rendered":"https:\/\/www.botanopia.com\/?post_type=product&#038;p=9014220"},"modified":"2026-02-16T17:36:33","modified_gmt":"2026-02-16T15:36:33","slug":"systeme-de-suspension-pour-pot-et-jardiniere-bolty","status":"publish","type":"product","link":"https:\/\/www.botanopia.com\/fr\/shop\/nos-supports-et-tuteurs\/systeme-de-suspension-pour-pot-et-jardiniere-bolty\/","title":{"rendered":"Syst\u00e8me de suspension Bolty"},"content":{"rendered":"<h3><b>Un Syst\u00e8me de suspension pour pot<\/b><\/h3>\n<p><span style=\"font-weight: 400;\">Bolty est un syst\u00e8me moderne et discret pour suspendre tes plantes. G\u00e9n\u00e9ralement, les suspensions pour plantes en macram\u00e9 entourent enti\u00e8rement l\u2019ext\u00e9rieur des pots et sont alors tr\u00e8s visibles. Bolty, au contraire, est au centre du pot, tr\u00e8s discret. Tes invit\u00e9s voudront connaitre ton secret pour avoir un jardin suspendu aussi beau que minimaliste.<\/span><\/p>\n<h3><b>Une suspension pour pot unique<\/b><\/h3>\n<p><span style=\"font-weight: 400;\">Bien que le macram\u00e9 soit de nouveau \u00e0 la mode, son style boh\u00e8me n\u2019est peut-\u00eatre pas \u00e0 ton go\u00fbt. Avec Bolty, transforme tes pots f\u00e9tiches en des jolies<\/span><span style=\"font-weight: 400;\"> jardini\u00e8res <\/span><span style=\"font-weight: 400;\">pour tes plantes suspendues. Mets en valeur tes plantes en cr\u00e9ant une unit\u00e9 dans ta d\u00e9co, en gardant le m\u00eame style de pot pour toutes tes copines feuillues \ud83c\udf31.<\/span><\/p>\n<h3><b>Caract\u00e9ristiques du syst\u00e8me de suspension Bolty<\/b><\/h3>\n<p><span style=\"font-weight: 400;\">&#8211; Minimaliste. Con\u00e7u pour \u00eatre une alternative au macram\u00e9.<\/span><\/p>\n<p><span style=\"font-weight: 400;\">&#8211; D\u00e9coratif. Garde la vedette sur tes plantes et pas sur la suspension..<\/span><\/p>\n<p><span style=\"font-weight: 400;\">&#8211; Assemblage facile. Regarde notre tuto vid\u00e9o pour une petite d\u00e9mo (dans l\u2019onglet vid\u00e9o)<\/span><\/p>\n<p><span style=\"font-weight: 400;\">&#8211; En acier inoxydable r\u00e9sistant. Parfait pour une utilisation int\u00e9rieure comme ext\u00e9rieure.<\/span><\/p>\n<p><span style=\"font-weight: 400;\">&#8211; Joint en caoutchouc \u00e9tanche. Pas de risque de fuite sur le sol.<\/span><\/p>\n","protected":false},"excerpt":{"rendered":"<h4><b>Youhou \ud83e\udd73 ! Tu as enfin trouv\u00e9 comment transformer n\u2019importe quel pot de fleur en un pot suspendu ! Bolty est un syst\u00e8me de suspension discret et intelligent qui fera l\u00e9viter tes plantes.<\/b><\/h4>\n<p><span style=\"font-weight: 400;\">Bolty convient \u00e0 tous les pots \u00e0 fond plat avec un trou de 25 mm de diam\u00e8tre maximum. Fais passer la vis dans le trou puis serre le boulon pour bien fixer le syst\u00e8me des deux c\u00f4t\u00e9s du pot. Un joint en caoutchouc assure une fermeture \u00e9tanche. Bolty est fabriqu\u00e9 en acier inoxydable, donc ne rouille pas.<\/span><\/p>\n<p><span style=\"font-weight: 400;\">Pour pr\u00e9parer tes pots, plante simplement ta plante au-dessus de la vis, au centre du pot pour la garder bien en place. Dispose les feuilles tout autour du pot pour r\u00e9partir le poids uniform\u00e9ment, et tu peux suspendre ton petit bijou \u00e0 <\/span><a href=\"&quot;https:\/\/www.botanopia.com\/fr\/shop\/idees-cadeaux\/idees-cadeaux-a-moins-de-15e\/pack-de-2-crochets-en-s-en-acier-pour-suspendre-tes-plantes\/\"> ou une corde (non inclus). Laisse la vedette \u00e0 ta plante et cr\u00e9e une cascade v\u00e9g\u00e9tale au milieu de ton salon !<\/a><\/p>\n<p><span style=\"font-weight: 400;\"><strong>Bon \u00e0 savoir :<\/strong> Bolty est compatible avec de nombreuses tailles de pots gr\u00e2ce \u00e0 sa vis de 24 cm de haut.<\/span><\/p>\n","protected":false},"featured_media":45104498,"comment_status":"open","ping_status":"closed","template":"","meta":{"_acf_changed":false},"product_brand":[],"product_cat":[14000280,23001045,23000813,23000507,23001002,23000515],"product_tag":[23000994,23000991,23001227,23001009,23000690],"giftcard-category":[],"class_list":{"0":"post-9014220","1":"product","2":"type-product","3":"status-publish","4":"has-post-thumbnail","6":"product_cat-nos-supports-et-tuteurs","7":"product_cat-idees-cadeaux-a-moins-de-15e","8":"product_cat-idees-cadeaux-a-moins-de-25e","9":"product_cat-pots-fr","10":"product_cat-universal-products-fr","11":"product_cat-tous-les-produits","12":"product_tag-b2c-fr","13":"product_tag-fr-package","14":"product_tag-retail-en-fr","15":"product_tag-universal_en-fr","16":"product_tag-wholesale-fr-fr-2","17":"product_shipping_class-not-mailbox-fr","19":"first","20":"instock","21":"taxable","22":"shipping-taxable","23":"purchasable","24":"product-type-variable","25":"has-default-attributes","27":"catalog-layout-default","28":"columns-xs-1"},"bundled_by":[],"bundle_stock_status":"instock","bundle_stock_quantity":1000,"bundle_virtual":false,"bundle_layout":"","bundle_add_to_cart_form_location":"","bundle_editable_in_cart":false,"bundle_sold_individually_context":"","bundle_item_grouping":"","bundle_min_size":"","bundle_max_size":"","bundled_items":[],"bundle_sell_ids":[45077185],"acf":[],"gallery_images":[45104488,45106295,45104503,45104518,45104493,45104508,45104513,45078516,45104523,45104528],"_links":{"self":[{"href":"https:\/\/www.botanopia.com\/fr\/wp-json\/wp\/v2\/product\/9014220","targetHints":{"allow":["GET"]}}],"collection":[{"href":"https:\/\/www.botanopia.com\/fr\/wp-json\/wp\/v2\/product"}],"about":[{"href":"https:\/\/www.botanopia.com\/fr\/wp-json\/wp\/v2\/types\/product"}],"replies":[{"embeddable":true,"href":"https:\/\/www.botanopia.com\/fr\/wp-json\/wp\/v2\/comments?post=9014220"}],"wp:featuredmedia":[{"embeddable":true,"href":"https:\/\/www.botanopia.com\/fr\/wp-json\/wp\/v2\/media\/45104498"}],"wp:attachment":[{"href":"https:\/\/www.botanopia.com\/fr\/wp-json\/wp\/v2\/media?parent=9014220"}],"wp:term":[{"taxonomy":"product_brand","embeddable":true,"href":"https:\/\/www.botanopia.com\/fr\/wp-json\/wp\/v2\/product_brand?post=9014220"},{"taxonomy":"product_cat","embeddable":true,"href":"https:\/\/www.botanopia.com\/fr\/wp-json\/wp\/v2\/product_cat?post=9014220"},{"taxonomy":"product_tag","embeddable":true,"href":"https:\/\/www.botanopia.com\/fr\/wp-json\/wp\/v2\/product_tag?post=9014220"},{"taxonomy":"giftcard-category","embeddable":true,"href":"https:\/\/www.botanopia.com\/fr\/wp-json\/wp\/v2\/giftcard-category?post=9014220"}],"curies":[{"name":"wp","href":"https:\/\/api.w.org\/{rel}","templated":true}]}}