{"id":9014247,"date":"2018-05-02T11:45:51","date_gmt":"2018-05-02T09:45:51","guid":{"rendered":"https:\/\/www.botanopia.com\/?post_type=product&#038;p=9014247"},"modified":"2026-04-10T11:46:36","modified_gmt":"2026-04-10T09:46:36","slug":"engrais-liquide-biologique-complet","status":"publish","type":"product","link":"https:\/\/www.botanopia.com\/fr\/shop\/nos-engrais-biologiques\/engrais-liquide-biologique-complet\/","title":{"rendered":"Engrais liquide complet organique 450ml"},"content":{"rendered":"<h3><b>Un shot de magie pour tes plantes<\/b><\/h3>\n<p><span style=\"font-weight: 400;\">Pour assurer la bonne croissance de tes plantes d\u2019int\u00e9rieur, n\u2019oublie pas de les nourrir avec un engrais de bonne qualit\u00e9. . Les plantes ont besoin de vitamines et de min\u00e9raux tout comme nous. Contrairement \u00e0 certains engrais chimiques agressifs, notre formule \u00e0 base de vinasse de betteraves ne br\u00fblent pas les racines ni les boutures. Rien de plus logique que\u00a0 d\u2019utiliser un engrais \u00e0 base de plantes, pour fertiliser tes plantes.<\/span><\/p>\n<h3><b>Un engrais facile \u00e0 utiliser<\/b><\/h3>\n<p><span style=\"font-weight: 400;\">Il y a toute sorte d\u2019engrais. Tu as peut-\u00eatre d\u00e9j\u00e0 pens\u00e9 \u00e0 utiliser des engrais sous forme liquide, de poudre, ou m\u00eame des engrais chimiques (*mais non\u202f!* \ud83d\ude31). On adore utiliser cet engrais liquide, qui est mieux absorb\u00e9 par les racines et stimule les bonnes bact\u00e9ries dans la terre. Ajoute une dose d\u2019engrais \u00e0 ton arrosoir pour t\u2019assurer que tes plantes<\/span> <span style=\"font-weight: 400;\">dig\u00e8rent cette petite friandise facilement.\u00a0<\/span><\/p>\n<h3><b>Notre engrais naturel\u00a0<\/b><\/h3>\n<p><span style=\"font-weight: 400;\">&#8211; Usage universel. Pas besoin de s\u2019encombrer avec plusieurs produits.<\/span><\/p>\n<p><span style=\"font-weight: 400;\">&#8211; V\u00e9gan, fait \u00e0 partir de plantes, pour les plantes.<\/span><\/p>\n<p><span style=\"font-weight: 400;\">&#8211; Pour les plantes en hydroculture comme en terreau. Stimule la croissance et la vigueur.<\/span><\/p>\n<p><span style=\"font-weight: 400;\">&#8211; Test\u00e9 et approuv\u00e9. Le plus efficace et sain pour tes plantes dans l\u2019eau.<\/span><\/p>\n","protected":false},"excerpt":{"rendered":"<p><b>Garde tes plantes en bonne sant\u00e9 avec cet engrais bio et v\u00e9gan. M\u00e9lange-le avec de l\u2019eau et c\u2019est parti pour la pousse ! Le flacon pompe t\u2019aidera \u00e0 avoir le dosage parfait.<\/b><\/p>\n<p><span style=\"font-weight: 400;\">Ce grand flacon de 450 ml concentr\u00e9 durera longtemps, la dose recommand\u00e9e \u00e9tant 1 pompe par arrosoir de 3 L. Avec une seule dose, tu peux apporter facilement les bons min\u00e9raux extraits de betteraves bio \u00e0 tes petites plantes grandissantes. C\u2019est un moyen efficace, bio et v\u00e9gan de booster tes plantes et tes boutures. Enfin, l\u2019emballage est superbe. Montre le flacon fi\u00e8rement au milieu de ta collection de plantes pour leur montrer qu\u2019elles le valent bien.<\/span><\/p>\n<p><span style=\"font-weight: 400;\">Comment l\u2019utiliser ? Une pression sur la pompe pour ajouter la dose parfaite de nutriments \u00e0 ton eau d\u2019arrosage. Adapt\u00e9 \u00e0 la fois pour tes plantes en hydroculture et pour celles en terreau.<\/span><\/p>\n<p>Cet engrais existe aussi en <a href=\"http:\/\/botanopia.com\/shop\/accessoires-botaniques\/cultiver-dans-leau\/engrais-liquide-complet-organique\/?lang=fr\">format mini<\/a> !<\/p>\n","protected":false},"featured_media":45076869,"comment_status":"open","ping_status":"closed","template":"","meta":{"_acf_changed":false},"product_brand":[],"product_cat":[14000278,23001806,23000813,23000515],"product_tag":[23000994,49,23000989,23000991,23001796,23000690],"giftcard-category":[],"class_list":{"0":"post-9014247","1":"product","2":"type-product","3":"status-publish","4":"has-post-thumbnail","6":"product_cat-nos-engrais-biologiques","7":"product_cat-bestsellers-de-printemps","8":"product_cat-idees-cadeaux-a-moins-de-25e","9":"product_cat-tous-les-produits","10":"product_tag-b2c-fr","11":"product_tag-engrais-liquide","12":"product_tag-eu-only-fr","13":"product_tag-fr-package","14":"product_tag-retail-2-fr","15":"product_tag-wholesale-fr-fr-2","16":"product_shipping_class-not-mailbox-fr","18":"first","19":"outofstock","20":"taxable","21":"shipping-taxable","22":"purchasable","23":"product-type-simple","25":"catalog-layout-default","26":"columns-xs-1"},"bundled_by":[],"bundle_stock_status":"instock","bundle_stock_quantity":-546,"bundle_virtual":false,"bundle_layout":"","bundle_add_to_cart_form_location":"","bundle_editable_in_cart":false,"bundle_sold_individually_context":"","bundle_item_grouping":"","bundle_min_size":"","bundle_max_size":"","bundled_items":[],"bundle_sell_ids":[45090190],"acf":[],"gallery_images":[45103934,45077659,45103959,45103944,45103949,45103964,45103939,45103954,45103929,45103919,45103914],"_links":{"self":[{"href":"https:\/\/www.botanopia.com\/fr\/wp-json\/wp\/v2\/product\/9014247","targetHints":{"allow":["GET"]}}],"collection":[{"href":"https:\/\/www.botanopia.com\/fr\/wp-json\/wp\/v2\/product"}],"about":[{"href":"https:\/\/www.botanopia.com\/fr\/wp-json\/wp\/v2\/types\/product"}],"replies":[{"embeddable":true,"href":"https:\/\/www.botanopia.com\/fr\/wp-json\/wp\/v2\/comments?post=9014247"}],"wp:featuredmedia":[{"embeddable":true,"href":"https:\/\/www.botanopia.com\/fr\/wp-json\/wp\/v2\/media\/45076869"}],"wp:attachment":[{"href":"https:\/\/www.botanopia.com\/fr\/wp-json\/wp\/v2\/media?parent=9014247"}],"wp:term":[{"taxonomy":"product_brand","embeddable":true,"href":"https:\/\/www.botanopia.com\/fr\/wp-json\/wp\/v2\/product_brand?post=9014247"},{"taxonomy":"product_cat","embeddable":true,"href":"https:\/\/www.botanopia.com\/fr\/wp-json\/wp\/v2\/product_cat?post=9014247"},{"taxonomy":"product_tag","embeddable":true,"href":"https:\/\/www.botanopia.com\/fr\/wp-json\/wp\/v2\/product_tag?post=9014247"},{"taxonomy":"giftcard-category","embeddable":true,"href":"https:\/\/www.botanopia.com\/fr\/wp-json\/wp\/v2\/giftcard-category?post=9014247"}],"curies":[{"name":"wp","href":"https:\/\/api.w.org\/{rel}","templated":true}]}}